{"id":1462,"date":"2020-04-20T01:26:39","date_gmt":"2020-04-19T23:26:39","guid":{"rendered":"https:\/\/arthros.at\/\/de-fg-orthopaedie\/"},"modified":"2020-07-30T00:12:39","modified_gmt":"2020-07-29T22:12:39","slug":"en-fg-orthopaedie","status":"publish","type":"page","link":"https:\/\/arthros.at\/en\/en-fg-orthopaedie\/","title":{"rendered":"EN-fg-orthopaedie"},"content":{"rendered":"<div class=\"wpb-content-wrapper\"><p>[vc_row full_width=&#8221;stretch_row_content_no_spaces&#8221; bg_type=&#8221;image&#8221; parallax_style=&#8221;vcpb-vz-jquery&#8221; bg_image_new=&#8221;id^944|url^https:\/\/arthros.at\/wp-content\/uploads\/2020\/04\/banner-orthopaedie6.jpg|caption^null|alt^null|title^banner-orthopaedie6|description^null&#8221; bg_image_repeat=&#8221;no-repeat&#8221; bg_img_attach=&#8221;fixed&#8221; parallax_sense=&#8221;0&#8243; bg_override=&#8221;ex-full&#8221; disable_on_mobile_img_parallax=&#8221;disable_on_mobile_img_parallax_value&#8221; enable_first_overlay=&#8221;true&#8221; first_overlay_opacity=&#8221;83&#8243; first_background_type=&#8221;gradient&#8221; first_background_gradient=&#8221;#ffffff||rgba(0,0,0,0)||21;39||23||linear&#8221; enable_parallax=&#8221;true&#8221; type=&#8221;vc_default&#8221; kswr_row_top_decor_enabled=&#8221;false&#8221; kswr_row_bottom_decor_enabled=&#8221;false&#8221; el_id=&#8221;header&#8221;][vc_column offset=&#8221;vc_col-lg-offset-0 vc_col-lg-12 vc_col-md-offset-0 vc_col-md-12 vc_col-sm-offset-0 vc_hidden-sm vc_col-xs-12 vc_hidden-xs&#8221;]<div class=\"ult-spacer spacer-69e44dcd008b6\" data-id=\"69e44dcd008b6\" data-height=\"150\" data-height-mobile=\"120\" data-height-tab=\"130\" data-height-tab-portrait=\"200\" data-height-mobile-landscape=\"120\" style=\"clear:both;display:block;\"><\/div>[vc_row_inner][vc_column_inner width=&#8221;5\/12&#8243; css=&#8221;.vc_custom_1586113072590{padding-right: 20px !important;padding-left: 20px !important;}&#8221; offset=&#8221;vc_col-lg-offset-0 vc_col-lg-6 vc_col-md-offset-0 vc_col-md-7 vc_col-sm-offset-0 vc_col-xs-12&#8243;]<div class=\"ult-spacer spacer-69e44dcd008f9\" data-id=\"69e44dcd008f9\" data-height=\"80\" data-height-mobile=\"80\" data-height-tab=\"80\" data-height-tab-portrait=\"80\" data-height-mobile-landscape=\"80\" style=\"clear:both;display:block;\"><\/div>[vc_single_image image=&#8221;709&#8243; img_size=&#8221;80&#215;80&#8243; image_hovers=&#8221;false&#8221; css=&#8221;.vc_custom_1587509184250{margin-bottom: 20px !important;}&#8221;]<div id=\"ultimate-heading-981969e44dcd00977\" class=\"uvc-heading ult-adjust-bottom-margin ultimate-heading-981969e44dcd00977 uvc-3476 headline-main\" data-hspacer=\"no_spacer\"  data-halign=\"left\" style=\"text-align:left\"><div class=\"uvc-heading-spacer no_spacer\" style=\"top\"><\/div><div class=\"uvc-main-heading ult-responsive\"  data-ultimate-target='.uvc-heading.ultimate-heading-981969e44dcd00977 p'  data-responsive-json-new='{\"font-size\":\"desktop:40px;tablet:40px;tablet_portrait:40px;mobile_landscape:25px;mobile:25px;\",\"line-height\":\"desktop:40px;tablet:40px;tablet_portrait:40px;mobile_landscape:25px;mobile:25px;\"}' ><p style=\"font-family:&#039;Montserrat&#039;;font-weight:700;color:#555555;margin-bottom:20px;\">ORTHOPAEDICS<\/p><\/div><\/div><div class=\"km-line-sep-container\" style=\"height:7px; margin-top:0px;margin-bottom:0px;margin-left:0px;margin-right:0px; text-align:left;\" data-style=\"from-left\">\n\t\t\t\t<div class=\"km-line-sep-insider\" style=\"float:left;width:100px; height:7px; text-align:left;\">\n\t\t\t\t\t<div class=\"km-line-sep-fill\" style=\"height:7px; background-color:#4599d5;\"><\/div>\n\t\t\t\t<\/div>\n\t\t\t<\/div><div class=\"ult-spacer spacer-69e44dcd009f6\" data-id=\"69e44dcd009f6\" data-height=\"50\" data-height-mobile=\"30\" data-height-tab=\"30\" data-height-tab-portrait=\"30\" data-height-mobile-landscape=\"30\" style=\"clear:both;display:block;\"><\/div>[\/vc_column_inner][\/vc_row_inner][\/vc_column][\/vc_row][vc_row full_width=&#8221;stretch_row_content_no_spaces&#8221; bg_type=&#8221;image&#8221; parallax_style=&#8221;vcpb-vz-jquery&#8221; bg_image_new=&#8221;id^1086|url^https:\/\/arthros.at\/wp-content\/uploads\/2020\/04\/banner-orthopaedie-tabport-mob.jpg|caption^null|alt^null|title^banner-orthopaedie-tabport-mob|description^null&#8221; bg_image_repeat=&#8221;no-repeat&#8221; parallax_sense=&#8221;20&#8243; bg_override=&#8221;full&#8221; disable_on_mobile_img_parallax=&#8221;disable_on_mobile_img_parallax_value&#8221; enable_first_overlay=&#8221;true&#8221; first_overlay_opacity=&#8221;100&#8243; first_background_type=&#8221;gradient&#8221; first_background_gradient=&#8221;#ffffff||rgba(255,255,255,0)||21;39||23||linear&#8221; enable_parallax=&#8221;true&#8221; type=&#8221;vc_default&#8221; kswr_row_top_decor_enabled=&#8221;false&#8221; kswr_row_bottom_decor_enabled=&#8221;false&#8221; el_id=&#8221;header-TABPORT-MOB&#8221;][vc_column offset=&#8221;vc_col-lg-offset-0 vc_col-lg-12 vc_hidden-lg vc_col-md-offset-0 vc_col-md-12 vc_hidden-md vc_col-sm-offset-0 vc_col-xs-12&#8243;]<div class=\"ult-spacer spacer-69e44dcd00a1b\" data-id=\"69e44dcd00a1b\" data-height=\"150\" data-height-mobile=\"40\" data-height-tab=\"130\" data-height-tab-portrait=\"200\" data-height-mobile-landscape=\"40\" style=\"clear:both;display:block;\"><\/div>[vc_row_inner][vc_column_inner width=&#8221;5\/12&#8243; css=&#8221;.vc_custom_1586113072590{padding-right: 20px !important;padding-left: 20px !important;}&#8221; offset=&#8221;vc_col-lg-offset-0 vc_col-lg-6 vc_col-md-offset-0 vc_col-md-7 vc_col-sm-offset-0 vc_col-xs-12&#8243;]<div class=\"ult-spacer spacer-69e44dcd00a3d\" data-id=\"69e44dcd00a3d\" data-height=\"80\" data-height-mobile=\"80\" data-height-tab=\"80\" data-height-tab-portrait=\"80\" data-height-mobile-landscape=\"80\" style=\"clear:both;display:block;\"><\/div>[vc_single_image image=&#8221;709&#8243; img_size=&#8221;80&#215;80&#8243; image_hovers=&#8221;false&#8221; css=&#8221;.vc_custom_1587509184250{margin-bottom: 20px !important;}&#8221;]<div id=\"ultimate-heading-236169e44dcd00a71\" class=\"uvc-heading ult-adjust-bottom-margin ultimate-heading-236169e44dcd00a71 uvc-3851 headline-main\" data-hspacer=\"no_spacer\"  data-halign=\"left\" style=\"text-align:left\"><div class=\"uvc-heading-spacer no_spacer\" style=\"top\"><\/div><div class=\"uvc-main-heading ult-responsive\"  data-ultimate-target='.uvc-heading.ultimate-heading-236169e44dcd00a71 p'  data-responsive-json-new='{\"font-size\":\"desktop:40px;tablet:40px;tablet_portrait:40px;mobile_landscape:25px;mobile:25px;\",\"line-height\":\"desktop:40px;tablet:40px;tablet_portrait:40px;mobile_landscape:25px;mobile:25px;\"}' ><p style=\"font-family:&#039;Montserrat&#039;;font-weight:700;color:#555555;margin-bottom:20px;\">ORTHOPAEDICS<\/p><\/div><\/div><div class=\"km-line-sep-container\" style=\"height:7px; margin-top:0px;margin-bottom:0px;margin-left:0px;margin-right:0px; text-align:left;\" data-style=\"from-left\">\n\t\t\t\t<div class=\"km-line-sep-insider\" style=\"float:left;width:100px; height:7px; text-align:left;\">\n\t\t\t\t\t<div class=\"km-line-sep-fill\" style=\"height:7px; background-color:#4599d5;\"><\/div>\n\t\t\t\t<\/div>\n\t\t\t<\/div><div class=\"ult-spacer spacer-69e44dcd00adb\" data-id=\"69e44dcd00adb\" data-height=\"50\" data-height-mobile=\"30\" data-height-tab=\"30\" data-height-tab-portrait=\"30\" data-height-mobile-landscape=\"30\" style=\"clear:both;display:block;\"><\/div>[\/vc_column_inner][\/vc_row_inner][\/vc_column][\/vc_row][vc_row full_width=&#8221;stretch_row_content_no_spaces&#8221; content_placement=&#8221;top&#8221; type=&#8221;vc_default&#8221; kswr_row_top_decor_enabled=&#8221;false&#8221; kswr_row_bottom_decor_enabled=&#8221;false&#8221; css=&#8221;.vc_custom_1587333380469{background-color: #4599d5 !important;}&#8221; el_id=&#8221;line&#8221;][vc_column offset=&#8221;vc_col-lg-offset-0 vc_col-lg-12 vc_col-md-offset-0 vc_col-md-12 vc_col-sm-offset-0 vc_col-xs-12&#8243;]<div class=\"ult-spacer spacer-69e44dcd00afd\" data-id=\"69e44dcd00afd\" data-height=\"8\" data-height-mobile=\"8\" data-height-tab=\"8\" data-height-tab-portrait=\"8\" data-height-mobile-landscape=\"8\" style=\"clear:both;display:block;\"><\/div>[\/vc_column][\/vc_row][vc_row full_width=&#8221;stretch_row_content_no_spaces&#8221; first_background_type=&#8221;gradient&#8221; first_background_gradient=&#8221;#ffffff||rgba(0,0,0,0)||0;26||141||linear&#8221; type=&#8221;vc_default&#8221; kswr_row_top_decor_enabled=&#8221;false&#8221; kswr_row_bottom_decor_enabled=&#8221;false&#8221; el_id=&#8221;portraits&#8221; css=&#8221;.vc_custom_1587333630418{background-color: #f3f3f3 !important;}&#8221;][vc_column width=&#8221;5\/6&#8243; offset=&#8221;vc_col-lg-offset-1 vc_col-lg-10 vc_col-md-offset-0 vc_col-md-12 vc_col-sm-offset-1 vc_col-xs-12&#8243;]<div class=\"ult-spacer spacer-69e44dcd00b1d\" data-id=\"69e44dcd00b1d\" data-height=\"50\" data-height-mobile=\"50\" data-height-tab=\"50\" data-height-tab-portrait=\"50\" data-height-mobile-landscape=\"50\" style=\"clear:both;display:block;\"><\/div>[vc_row_inner equal_height=&#8221;yes&#8221; content_placement=&#8221;top&#8221; gap=&#8221;20&#8243; css=&#8221;.vc_custom_1587334558505{margin-right: 20px !important;margin-left: 20px !important;}&#8221;][vc_column_inner el_class=&#8221;trennung&#8221; css=&#8221;.vc_custom_1589557367182{margin-bottom: 20px !important;padding-top: 20px !important;padding-right: 20px !important;padding-bottom: 20px !important;padding-left: 20px !important;background-color: rgba(255,255,255,0.8) !important;*background-color: rgb(255,255,255) !important;border-radius: 15px !important;}&#8221; offset=&#8221;vc_col-lg-offset-3 vc_col-lg-6 vc_col-md-offset-3 vc_col-md-6 vc_col-sm-offset-0 vc_col-xs-12&#8243;]<div id=\"ultimate-heading-518369e44dcd00b59\" class=\"uvc-heading ult-adjust-bottom-margin ultimate-heading-518369e44dcd00b59 uvc-5087 \" data-hspacer=\"line_only\"  data-halign=\"left\" style=\"text-align:left\"><div class=\"uvc-sub-heading ult-responsive\"  data-ultimate-target='.uvc-heading.ultimate-heading-518369e44dcd00b59 .uvc-sub-heading '  data-responsive-json-new='{\"font-size\":\"desktop:20px;tablet:20px;tablet_portrait:20px;mobile_landscape:20px;mobile:20px;\",\"line-height\":\"desktop:20px;tablet:20px;tablet_portrait:20px;mobile_landscape:20px;mobile:20px;\"}'  style=\"font-family:&#039;Montserrat&#039;;font-weight:600;color:#555555;margin-bottom:10px;\">UNIV. PROF. DR. CATHARINA CHIARI, MSC<\/div><div class=\"uvc-heading-spacer line_only\" style=\"margin-bottom:20px;height:3px;\"><span class=\"uvc-headings-line\" style=\"border-style:solid;border-bottom-width:3px;border-color:#4599d5;width:40px;\"><\/span><\/div><\/div>[vc_single_image image=&#8221;1041&#8243; img_size=&#8221;full&#8221; alignment=&#8221;center&#8221; onclick=&#8221;link_image&#8221; image_hovers=&#8221;false&#8221; css=&#8221;.vc_custom_1587985521191{border-radius: 5px !important;}&#8221;]<div class=\"ult-spacer spacer-69e44dcd00b93\" data-id=\"69e44dcd00b93\" data-height=\"20\" data-height-mobile=\"20\" data-height-tab=\"20\" data-height-tab-portrait=\"20\" data-height-mobile-landscape=\"20\" style=\"clear:both;display:block;\"><\/div><div id=\"ultimate-heading-979869e44dcd00bc2\" class=\"uvc-heading ult-adjust-bottom-margin ultimate-heading-979869e44dcd00bc2 uvc-7599 \" data-hspacer=\"no_spacer\"  data-halign=\"left\" style=\"text-align:left\"><div class=\"uvc-heading-spacer no_spacer\" style=\"top\"><\/div><div class=\"uvc-sub-heading ult-responsive\"  data-ultimate-target='.uvc-heading.ultimate-heading-979869e44dcd00bc2 .uvc-sub-heading '  data-responsive-json-new='{\"font-size\":\"desktop:14px;tablet:14px;tablet_portrait:14px;mobile_landscape:14px;mobile:14px;\",\"line-height\":\"desktop:18px;tablet:18px;tablet_portrait:18px;mobile_landscape:18px;mobile:18px;\"}'  style=\"font-family:&#039;Montserrat&#039;;font-weight:700;color:#4599d5;margin-top:5px;\">Orthopaedic and orthopaedic surgery specialist, paediatric orthopaedics, sports orthopaedics<\/div><\/div><div class=\"ult-spacer spacer-69e44dcd00bf8\" data-id=\"69e44dcd00bf8\" data-height=\"30\" data-height-mobile=\"30\" data-height-tab=\"30\" data-height-tab-portrait=\"30\" data-height-mobile-landscape=\"30\" style=\"clear:both;display:block;\"><\/div><div id=\"ultimate-heading-89669e44dcd00c26\" class=\"uvc-heading ult-adjust-bottom-margin ultimate-heading-89669e44dcd00c26 uvc-611 \" data-hspacer=\"no_spacer\"  data-halign=\"left\" style=\"text-align:left\"><div class=\"uvc-heading-spacer no_spacer\" style=\"top\"><\/div><div class=\"uvc-sub-heading ult-responsive\"  data-ultimate-target='.uvc-heading.ultimate-heading-89669e44dcd00c26 .uvc-sub-heading '  data-responsive-json-new='{\"font-size\":\"desktop:14px;tablet:14px;tablet_portrait:14px;mobile_landscape:14px;mobile:14px;\",\"line-height\":\"desktop:21px;tablet:21px;tablet_portrait:21px;mobile_landscape:21px;mobile:21px;\"}'  style=\"font-family:&#039;Montserrat&#039;;font-weight:500;color:#555555;\"><strong>Meine aktuellen T\u00e4tigkeiten:<\/strong><\/p>\n<p>&nbsp;<\/p>\n<ul>\n<li>Leitende Ober\u00e4rztin an der Universit\u00e4tsklinik f\u00fcr Orthop\u00e4die Wien, Medizinische Universit\u00e4t Wien (MedUni Wien)<\/li>\n<li>Leiterin des Kinderorthop\u00e4die-Teams mit eigenem Stationsbereich f\u00fcr Kinder und Erwachsene<\/li>\n<li>Leiterin der Spezialambulanzen f\u00fcr Kinderorthop\u00e4die, Deformit\u00e4ten, Extremit\u00e4tenrekonstruktion und Klumpfu\u00dfbehandlung<\/li>\n<li>Leiterin der Knorpelambulanz<\/li>\n<li>Stellvertretende Leiterin der orthop\u00e4dischen Forschungsabteilung<\/li>\n<li>Vorstandsmitglied und Schriftf\u00fchrerin der \u00d6sterreichischen Gesellschaft f\u00fcr Orthop\u00e4die und Orthop\u00e4dischen Chirurgie<\/li>\n<\/ul>\n<div><\/div>\n<p><strong>Durch meine T\u00e4tigkeit an der Universit\u00e4tsklinik Wien bin ich bestens vernetzt \u2013 zum Vorteil meiner PatientInnen, denn viele Krankheitsbilder ben\u00f6tigen mehr\u00a0als nur eine Fach\u00e4rztInnen-Richtung. Meine Vernetzung mit KollegInnen aller medizinischen Fachgebiete erspart Ihnen Wartezeiten, Wege und damit Nerven.\u00a0<\/strong><\/div><\/div><div class=\"ult-spacer spacer-69e44dcd00c5f\" data-id=\"69e44dcd00c5f\" data-height=\"30\" data-height-mobile=\"30\" data-height-tab=\"30\" data-height-tab-portrait=\"30\" data-height-mobile-landscape=\"30\" style=\"clear:both;display:block;\"><\/div>[vc_single_image image=&#8221;709&#8243; img_size=&#8221;45&#215;45&#8243; image_hovers=&#8221;false&#8221; css=&#8221;.vc_custom_1587510249553{margin-bottom: 20px !important;}&#8221;]<div id=\"ultimate-heading-796469e44dcd00c91\" class=\"uvc-heading ult-adjust-bottom-margin ultimate-heading-796469e44dcd00c91 uvc-2349 \" data-hspacer=\"line_only\"  data-halign=\"left\" style=\"text-align:left\"><div class=\"uvc-sub-heading ult-responsive\"  data-ultimate-target='.uvc-heading.ultimate-heading-796469e44dcd00c91 .uvc-sub-heading '  data-responsive-json-new='{\"font-size\":\"desktop:20px;tablet:20px;tablet_portrait:20px;mobile_landscape:20px;mobile:20px;\",\"line-height\":\"desktop:20px;tablet:20px;tablet_portrait:20px;mobile_landscape:20px;mobile:20px;\"}'  style=\"font-family:&#039;Montserrat&#039;;font-weight:600;color:#555555;margin-bottom:10px;\">BEHANDLUNGSSPEKTRUM<\/div><div class=\"uvc-heading-spacer line_only\" style=\"margin-bottom:20px;height:3px;\"><span class=\"uvc-headings-line\" style=\"border-style:solid;border-bottom-width:3px;border-color:#4599d5;width:40px;\"><\/span><\/div><\/div><div id=\"ultimate-heading-946369e44dcd00cd1\" class=\"uvc-heading ult-adjust-bottom-margin ultimate-heading-946369e44dcd00cd1 uvc-5748 \" data-hspacer=\"no_spacer\"  data-halign=\"left\" style=\"text-align:left\"><div class=\"uvc-heading-spacer no_spacer\" style=\"top\"><\/div><div class=\"uvc-sub-heading ult-responsive\"  data-ultimate-target='.uvc-heading.ultimate-heading-946369e44dcd00cd1 .uvc-sub-heading '  data-responsive-json-new='{\"font-size\":\"desktop:14px;tablet:14px;tablet_portrait:14px;mobile_landscape:14px;mobile:14px;\",\"line-height\":\"desktop:21px;tablet:21px;tablet_portrait:21px;mobile_landscape:21px;mobile:21px;\"}'  style=\"font-family:&#039;Montserrat&#039;;font-weight:500;color:#555555;\"><strong>Bei folgenden Untersuchungen und Erkrankungen ist Ihr Kind bei mir sehr gut aufgehoben:<\/strong><\/p>\n<ul>\n<li>H\u00fcftultraschall bei S\u00e4uglingen (H\u00fcftdysplasie-Screening) 1. und 6.-8. Lebenswoche<\/li>\n<li>Orthop\u00e4dische Mutter-Kindpass-Untersuchung 4. -7 Lebenswoche<\/li>\n<li>Klumpfussbehandlung nach Ponseti<\/li>\n<li>Einlagenversorgung<\/li>\n<li>Skoliosebehandlung, H\u00fcftgelenkserkrankungen (Morbus Perthes, Epiphysiolysis capitis femoris)<\/li>\n<li>Behandlung von Beinl\u00e4ngendifferenzen<\/li>\n<li>Behandlung von Beinfehlstellungen (X-Beine, O-Beine, Einw\u00e4rtsgang)<\/li>\n<li>Knorpelverletzungen, Osteochondritis dissecans<\/li>\n<li>Entz\u00fcndliche Erkrankungen von Gelenken und Knochen<\/li>\n<\/ul>\n<div><\/div>\n<p><strong>Meine Leistungen in der allgemeinen Orthop\u00e4die:<\/strong><\/p>\n<ul>\n<li>Konservative und operative Therapie des gesamten Bewegungsapparates<\/li>\n<li>Arthroskopie des Knie- und Sprunggelenks<\/li>\n<li>Umstellungsosteotomien<\/li>\n<li>Beinachsenkorrekturen und \u2013verl\u00e4ngerung (Fixateur externe, Verl\u00e4ngerungsmarknagel)<\/li>\n<li>Fu\u00dfoperationen, Hallux valgus<\/li>\n<li>Knietotalendoprothesen<\/li>\n<li>H\u00fcfttotalendoprothesen<\/li>\n<\/ul>\n<div><\/div>\n<div><\/div>\n<p><strong>Mein Spektrum in der Sportorthop\u00e4die und in der Knorpeltherapie:<\/strong><\/p>\n<ul>\n<li>Knorpelaufbauende Infiltrationen<\/li>\n<li>Mikrofrakturierung<\/li>\n<li>Mosaikplastik<\/li>\n<li>Knorpelzelltransplantation<\/li>\n<li>Knorpelersatzverfahren mit Biomaterialien und Knochenmarkstammzellen (BMAC)<\/li>\n<li>Meniskusersatz<\/li>\n<\/ul>\n<p><\/div><\/div><div class=\"ult-spacer spacer-69e44dcd00d21\" data-id=\"69e44dcd00d21\" data-height=\"30\" data-height-mobile=\"30\" data-height-tab=\"30\" data-height-tab-portrait=\"30\" data-height-mobile-landscape=\"30\" style=\"clear:both;display:block;\"><\/div><div id=\"ultimate-heading-508869e44dcd00d4f\" class=\"uvc-heading ult-adjust-bottom-margin ultimate-heading-508869e44dcd00d4f uvc-392 \" data-hspacer=\"no_spacer\"  data-halign=\"left\" style=\"text-align:left\"><div class=\"uvc-heading-spacer no_spacer\" style=\"top\"><\/div><div class=\"uvc-sub-heading ult-responsive\"  data-ultimate-target='.uvc-heading.ultimate-heading-508869e44dcd00d4f .uvc-sub-heading '  data-responsive-json-new='{\"font-size\":\"desktop:14px;tablet:14px;tablet_portrait:14px;mobile_landscape:14px;mobile:14px;\",\"line-height\":\"desktop:18px;tablet:18px;tablet_portrait:18px;mobile_landscape:18px;mobile:18px;\"}'  style=\"font-family:&#039;Montserrat&#039;;font-weight:700;color:#4599d5;margin-top:5px;\"><span style=\"color: #4599d5;\"><a style=\"color: #4599d5;\" href=\"http:\/\/www.chiari-ortho.at\" target=\"_blank\" rel=\"noopener noreferrer\">www.chiari-ortho.at<\/a><\/span><\/div><\/div>[\/vc_column_inner][\/vc_row_inner]<div class=\"ult-spacer spacer-69e44dcd00d80\" data-id=\"69e44dcd00d80\" data-height=\"50\" data-height-mobile=\"50\" data-height-tab=\"50\" data-height-tab-portrait=\"50\" data-height-mobile-landscape=\"50\" style=\"clear:both;display:block;\"><\/div>[\/vc_column][\/vc_row]<\/p>\n<\/div>","protected":false},"excerpt":{"rendered":"<p>[vc_row full_width=&#8221;stretch_row_content_no_spaces&#8221; bg_type=&#8221;image&#8221; parallax_style=&#8221;vcpb-vz-jquery&#8221; bg_image_new=&#8221;id^944|url^https:\/\/arthros.at\/wp-content\/uploads\/2020\/04\/banner-orthopaedie6.jpg|caption^null|alt^null|title^banner-orthopaedie6|description^null&#8221; bg_image_repeat=&#8221;no-repeat&#8221; bg_img_attach=&#8221;fixed&#8221; parallax_sense=&#8221;0&#8243; bg_override=&#8221;ex-full&#8221; disable_on_mobile_img_parallax=&#8221;disable_on_mobile_img_parallax_value&#8221; enable_first_overlay=&#8221;true&#8221; first_overlay_opacity=&#8221;83&#8243; first_background_type=&#8221;gradient&#8221; first_background_gradient=&#8221;#ffffff||rgba(0,0,0,0)||21;39||23||linear&#8221; enable_parallax=&#8221;true&#8221; type=&#8221;vc_default&#8221; kswr_row_top_decor_enabled=&#8221;false&#8221; kswr_row_bottom_decor_enabled=&#8221;false&#8221; el_id=&#8221;header&#8221;][vc_column offset=&#8221;vc_col-lg-offset-0 vc_col-lg-12 vc_col-md-offset-0 vc_col-md-12 vc_col-sm-offset-0 vc_hidden-sm vc_col-xs-12 vc_hidden-xs&#8221;][vc_row_inner][vc_column_inner width=&#8221;5\/12&#8243; css=&#8221;.vc_custom_1586113072590{padding-right: 20px !important;padding-left: 20px !important;}&#8221; offset=&#8221;vc_col-lg-offset-0 vc_col-lg-6 vc_col-md-offset-0 vc_col-md-7 vc_col-sm-offset-0 vc_col-xs-12&#8243;][vc_single_image image=&#8221;709&#8243; img_size=&#8221;80&#215;80&#8243; image_hovers=&#8221;false&#8221; css=&#8221;.vc_custom_1587509184250{margin-bottom: 20px !important;}&#8221;][\/vc_column_inner][\/vc_row_inner][\/vc_column][\/vc_row][vc_row full_width=&#8221;stretch_row_content_no_spaces&#8221; bg_type=&#8221;image&#8221; parallax_style=&#8221;vcpb-vz-jquery&#8221; bg_image_new=&#8221;id^1086|url^https:\/\/arthros.at\/wp-content\/uploads\/2020\/04\/banner-orthopaedie-tabport-mob.jpg|caption^null|alt^null|title^banner-orthopaedie-tabport-mob|description^null&#8221; bg_image_repeat=&#8221;no-repeat&#8221; parallax_sense=&#8221;20&#8243; bg_override=&#8221;full&#8221; disable_on_mobile_img_parallax=&#8221;disable_on_mobile_img_parallax_value&#8221; enable_first_overlay=&#8221;true&#8221; first_overlay_opacity=&#8221;100&#8243;&hellip;<\/p>\n","protected":false},"author":12,"featured_media":0,"parent":0,"menu_order":0,"comment_status":"closed","ping_status":"closed","template":"template-microsite.php","meta":{"footnotes":""},"class_list":["post-1462","page","type-page","status-publish","hentry","description-off"],"_links":{"self":[{"href":"https:\/\/arthros.at\/en\/wp-json\/wp\/v2\/pages\/1462","targetHints":{"allow":["GET"]}}],"collection":[{"href":"https:\/\/arthros.at\/en\/wp-json\/wp\/v2\/pages"}],"about":[{"href":"https:\/\/arthros.at\/en\/wp-json\/wp\/v2\/types\/page"}],"author":[{"embeddable":true,"href":"https:\/\/arthros.at\/en\/wp-json\/wp\/v2\/users\/12"}],"replies":[{"embeddable":true,"href":"https:\/\/arthros.at\/en\/wp-json\/wp\/v2\/comments?post=1462"}],"version-history":[{"count":7,"href":"https:\/\/arthros.at\/en\/wp-json\/wp\/v2\/pages\/1462\/revisions"}],"predecessor-version":[{"id":2173,"href":"https:\/\/arthros.at\/en\/wp-json\/wp\/v2\/pages\/1462\/revisions\/2173"}],"wp:attachment":[{"href":"https:\/\/arthros.at\/en\/wp-json\/wp\/v2\/media?parent=1462"}],"curies":[{"name":"wp","href":"https:\/\/api.w.org\/{rel}","templated":true}]}}